{"id":884,"date":"2021-06-03T14:17:30","date_gmt":"2021-06-03T12:17:30","guid":{"rendered":"https:\/\/congress.reedmackay.es\/9cursodermatosisprofesionales\/?page_id=884"},"modified":"2024-03-06T19:07:02","modified_gmt":"2024-03-06T17:07:02","slug":"ponentes","status":"publish","type":"page","link":"https:\/\/congress.reedmackay.es\/9cursodermatosisprofesionales\/index.php\/ponentes\/","title":{"rendered":"Ponentes"},"content":{"rendered":"<div  class=\"one withsmallpadding ppb_header \" style=\"text-align:left;padding:40px 0 40px 0;margin-bottom:-35px;\" >\n<div class=\"standard_wrapper\">\n<div class=\"page_content_wrapper\">\n<div class=\"inner\">\n<div style=\"width:100%\">\n<h2 class=\"ppb_title\" style=\";text-align:left;\">Direcci\u00f3n del curso<\/h2>\n<div class=\"ppb_header_content\">\n<p><strong>Ana Mar\u00eda Gim\u00e9nez Arnau<\/strong><br \/>\nHospital del Mar. Parc Salut Mar, Barcelona<\/p>\n<p><strong>Dr. Jos\u00e9 M\u00aa Ramada<\/strong><br \/>\nJefe Servicio Dermatolog\u00eda, Hospital del Mar, Barcelona<\/p>\n<\/div>\n<\/div>\n<\/div>\n<\/div>\n<\/div>\n<\/div>\n<div  class=\"one withsmallpadding ppb_header \" style=\"text-align:left;padding:30px 0 30px 0;background-color:#ffffff;\" >\n<div class=\"standard_wrapper\">\n<div class=\"page_content_wrapper\">\n<div class=\"inner\">\n<div style=\"width:100%\">\n<h2 class=\"ppb_title\" style=\";text-align:left;\">Ponentes<\/h2>\n<div class=\"ppb_header_content\">\n<p><strong style=\"color: #222222;\">Tove Agner<\/strong><br style=\"color: #222222;\" \/><span style=\"color: #222222;\">Bispebjerg and Frederiksberg Hospital, Denmark<\/span><br style=\"color: #222222;\" \/><strong style=\"color: #222222;\">Josep Arimany<\/strong><br style=\"color: #222222;\" \/><span style=\"color: #222222;\">Col.legi Oficial de Metges de Barcelona<\/span><br style=\"color: #222222;\" \/><strong style=\"color: #222222;\">Jose Carlos Armario<\/strong><br style=\"color: #222222;\" \/><span style=\"color: #222222;\">Hospital La Salud C\u00e1diz<\/span><br style=\"color: #222222;\" \/><strong style=\"color: #222222;\">Leopoldo Borrego<\/strong><br style=\"color: #222222;\" \/><span style=\"color: #222222;\">Complejo Univ. Insular Materno Infantil. Las Palmas G.C.<\/span><br style=\"color: #222222;\" \/><strong style=\"color: #222222;\">Richard Brans<\/strong><br style=\"color: #222222;\" \/><span style=\"color: #222222;\">Universit\u00e4t Osnabru\u0308ck, Germany<\/span><br style=\"color: #222222;\" \/><strong style=\"color: #222222;\">Jose Manuel Carrascosa<\/strong><br style=\"color: #222222;\" \/><span style=\"color: #222222;\">Hospital Universitario Germans Trias i Pujol, Badalona.<\/span><br style=\"color: #222222;\" \/><strong style=\"color: #222222;\">Laia Curt\u00f3<\/strong><br style=\"color: #222222;\" \/><span style=\"color: #222222;\">Hospital del Mar. Parc Salut Mar, Barcelona<\/span><br style=\"color: #222222;\" \/><strong style=\"color: #222222;\">Virginia Fern\u00e1ndez-Redondo<\/strong><br style=\"color: #222222;\" \/><span style=\"color: #222222;\">Complejo Hospitalario Universitario de Santiago Compostela<\/span><br style=\"color: #222222;\" \/><strong style=\"color: #222222;\">Mariela Gatica<\/strong><br style=\"color: #222222;\" \/><span style=\"color: #222222;\">Hospital Virgen de la Salud de Toledo<\/span><br style=\"color: #222222;\" \/><strong style=\"color: #222222;\">Ana M Gim\u00e9nez-Arnau<\/strong><br style=\"color: #222222;\" \/><span style=\"color: #222222;\">Hospital del Mar. Parc Salut Mar, Barcelona<\/span><br style=\"color: #222222;\" \/><strong style=\"color: #222222;\">Enrique Gomez<br \/>\n<\/strong><span style=\"color: #222222;\">Hospital Alcorcon, Madrid<\/span><strong style=\"color: #222222;\"><br \/>\nFelipe Heras-Mendaza<\/strong><br style=\"color: #222222;\" \/><span style=\"color: #222222;\">Hospital Universitario Fundaci\u00f3n Jim\u00e9nez D\u00edaz, Madrid<\/span><br style=\"color: #222222;\" \/><strong style=\"color: #222222;\">Ruben Linares<br \/>\n<\/strong><span style=\"color: #222222;\">Complejo Asistencial Universitario de Leon (CAULE)<\/span><strong style=\"color: #222222;\"><br \/>\nSwen Malte John<\/strong><br style=\"color: #222222;\" \/><span style=\"color: #222222;\">University of Osnabrueck, Germany<\/span><br style=\"color: #222222;\" \/><strong style=\"color: #222222;\">Gemma Martin-Ezquerra<\/strong><br style=\"color: #222222;\" \/><span style=\"color: #222222;\">Hospital del Mar. Parc Salut Mar, Barcelona<\/span><br style=\"color: #222222;\" \/><strong style=\"color: #222222;\">Pedro Mercader<\/strong><br style=\"color: #222222;\" \/><span style=\"color: #222222;\">Hospital General Universitario Morales Meseguer, Murcia<\/span><br style=\"color: #222222;\" \/><strong style=\"color: #222222;\">Javier de Miquel<\/strong><br style=\"color: #222222;\" \/><span style=\"color: #222222;\">Hospital Arnau de Vilanova de Valencia<\/span><br style=\"color: #222222;\" \/><strong style=\"color: #222222;\">Javier Ortiz de Frutos<\/strong><br style=\"color: #222222;\" \/><span style=\"color: #222222;\">Hospital Universitario 12 de Octubre, Madrid<\/span><br style=\"color: #222222;\" \/><strong style=\"color: #222222;\">M Antonia Pastor<\/strong><br style=\"color: #222222;\" \/><span style=\"color: #222222;\">Hospital Universitario de Guadalajara<\/span><br style=\"color: #222222;\" \/><strong style=\"color: #222222;\">David Pesqu\u00e9<\/strong><br style=\"color: #222222;\" \/><span style=\"color: #222222;\">Hospital del Mar. Parc Salut Mar, Barcelona<\/span><br style=\"color: #222222;\" \/><strong style=\"color: #222222;\">M.D. Puget Bosch<\/strong><br style=\"color: #222222;\" \/><span style=\"color: #222222;\">M\u00fatua ASEPEYO<\/span><br style=\"color: #222222;\" \/><strong style=\"color: #222222;\">Jos\u00e9 M\u00aa Ramada<\/strong><br style=\"color: #222222;\" \/><span style=\"color: #222222;\">Hospital del Mar. Parc Salut Mar, Barcelona<\/span><br style=\"color: #222222;\" \/><strong style=\"color: #222222;\">Mercedes Rodr\u00edguez Serna<\/strong><br style=\"color: #222222;\" \/><span style=\"color: #222222;\">Hospital Universitario y Polit\u00e9cnico La Fe, Valencia<\/span><br style=\"color: #222222;\" \/><strong style=\"color: #222222;\">Inmaculada Ruiz<\/strong><br style=\"color: #222222;\" \/><span style=\"color: #222222;\">Complejo Asistencial Universitario de Le\u00f3n (CAULE)<\/span><br style=\"color: #222222;\" \/><strong style=\"color: #222222;\">Araceli Sanchez<br \/>\n<\/strong><span style=\"color: #222222;\">Hospital Universitario Rey Juan Carlos, Madrid<\/span><strong style=\"color: #222222;\"><br \/>\nEsther Serra Baldrich<\/strong><br style=\"color: #222222;\" \/><span style=\"color: #222222;\">Hospital de la Santa Creu i Sant Pau, Barcelona<\/span><br style=\"color: #222222;\" \/><strong style=\"color: #222222;\">Consol Serra Pujadas<\/strong><br style=\"color: #222222;\" \/><span style=\"color: #222222;\">Hospital del Mar. Parc Salut Mar, Barcelona<\/span><br style=\"color: #222222;\" \/><strong style=\"color: #222222;\">Juan Francisco Silvestre<\/strong><br style=\"color: #222222;\" \/><span style=\"color: #222222;\">Hospital Universitario de Alicante<\/span><br style=\"color: #222222;\" \/><strong style=\"color: #222222;\">Roc\u00edo Villar<\/strong><br style=\"color: #222222;\" \/><span style=\"color: #222222;\">Hospital del Mar. Parc Salut Mar, Barcelona<\/span><\/p>\n<\/div>\n<\/div>\n<\/div>\n<\/div>\n<\/div>\n<\/div>\n","protected":false},"excerpt":{"rendered":"<p>Direcci\u00f3n del curso Ana Mar\u00eda Gim\u00e9nez Arnau Hospital del Mar. Parc Salut Mar, Barcelona Dr. Jos\u00e9 M\u00aa Ramada Jefe Servicio Dermatolog\u00eda, Hospital del Mar, Barcelona Ponentes Tove AgnerBispebjerg and Frederiksberg Hospital, DenmarkJosep ArimanyCol.legi Oficial de Metges de BarcelonaJose Carlos ArmarioHospital [&hellip;]<\/p>\n","protected":false},"author":3,"featured_media":2034,"parent":0,"menu_order":0,"comment_status":"closed","ping_status":"closed","template":"","meta":{"footnotes":""},"class_list":["post-884","page","type-page","status-publish","has-post-thumbnail","hentry"],"_links":{"self":[{"href":"https:\/\/congress.reedmackay.es\/9cursodermatosisprofesionales\/index.php\/wp-json\/wp\/v2\/pages\/884","targetHints":{"allow":["GET"]}}],"collection":[{"href":"https:\/\/congress.reedmackay.es\/9cursodermatosisprofesionales\/index.php\/wp-json\/wp\/v2\/pages"}],"about":[{"href":"https:\/\/congress.reedmackay.es\/9cursodermatosisprofesionales\/index.php\/wp-json\/wp\/v2\/types\/page"}],"author":[{"embeddable":true,"href":"https:\/\/congress.reedmackay.es\/9cursodermatosisprofesionales\/index.php\/wp-json\/wp\/v2\/users\/3"}],"replies":[{"embeddable":true,"href":"https:\/\/congress.reedmackay.es\/9cursodermatosisprofesionales\/index.php\/wp-json\/wp\/v2\/comments?post=884"}],"version-history":[{"count":138,"href":"https:\/\/congress.reedmackay.es\/9cursodermatosisprofesionales\/index.php\/wp-json\/wp\/v2\/pages\/884\/revisions"}],"predecessor-version":[{"id":3351,"href":"https:\/\/congress.reedmackay.es\/9cursodermatosisprofesionales\/index.php\/wp-json\/wp\/v2\/pages\/884\/revisions\/3351"}],"wp:featuredmedia":[{"embeddable":true,"href":"https:\/\/congress.reedmackay.es\/9cursodermatosisprofesionales\/index.php\/wp-json\/wp\/v2\/media\/2034"}],"wp:attachment":[{"href":"https:\/\/congress.reedmackay.es\/9cursodermatosisprofesionales\/index.php\/wp-json\/wp\/v2\/media?parent=884"}],"curies":[{"name":"wp","href":"https:\/\/api.w.org\/{rel}","templated":true}]}}